{"id":10,"date":"2026-02-28T23:21:50","date_gmt":"2026-03-01T02:21:50","guid":{"rendered":"https:\/\/lavenderblush-tarsier-111502.hostingersite.com\/?page_id=10"},"modified":"2026-05-08T14:23:32","modified_gmt":"2026-05-08T17:23:32","slug":"home","status":"publish","type":"page","link":"https:\/\/aliancakengenharia.com\/index.php\/home\/","title":{"rendered":"Home"},"content":{"rendered":"\t\t<div data-elementor-type=\"wp-page\" data-elementor-id=\"10\" class=\"elementor elementor-10\">\n\t\t\t\t<div class=\"elementor-element elementor-element-ea2465a e-flex e-con-boxed e-con e-parent\" data-id=\"ea2465a\" data-element_type=\"container\" data-e-type=\"container\" data-settings=\"{&quot;background_background&quot;:&quot;classic&quot;}\">\n\t\t\t\t\t<div class=\"e-con-inner\">\n\t\t<div class=\"elementor-element elementor-element-deb0e42 e-con-full e-flex elementor-invisible e-con e-child\" data-id=\"deb0e42\" data-element_type=\"container\" data-e-type=\"container\" data-settings=\"{&quot;animation&quot;:&quot;fadeInUp&quot;}\">\n\t\t\t\t<div class=\"elementor-element elementor-element-6db05c2 elementor-widget elementor-widget-heading\" data-id=\"6db05c2\" data-element_type=\"widget\" data-e-type=\"widget\" data-widget_type=\"heading.default\">\n\t\t\t\t\t<h1 class=\"elementor-heading-title elementor-size-default\">Reforma predial al\u00e9m da est\u00e9tica<\/h1>\t\t\t\t<\/div>\n\t\t\t\t<div class=\"elementor-element elementor-element-0aaec3c elementor-widget elementor-widget-text-editor\" data-id=\"0aaec3c\" data-element_type=\"widget\" data-e-type=\"widget\" data-widget_type=\"text-editor.default\">\n\t\t\t\t\t\t\t\t\t<p>A Alian\u00e7a K Engenharia integra projetos eficientes e execu\u00e7\u00e3o especializada. Unimos t\u00e9cnica, viabilidade e seguran\u00e7a para garantir durabilidade em cada obra<\/p>\t\t\t\t\t\t\t\t<\/div>\n\t\t\t\t<div class=\"elementor-element elementor-element-756067c elementor-widget__width-initial elementor-widget elementor-widget-button\" data-id=\"756067c\" data-element_type=\"widget\" data-e-type=\"widget\" data-widget_type=\"button.default\">\n\t\t\t\t\t\t\t\t\t\t<a class=\"elementor-button elementor-button-link elementor-size-sm\" href=\"https:\/\/lavenderblush-tarsier-111502.hostingersite.com\/index.php\/formulario\/\">\n\t\t\t\t\t\t<span class=\"elementor-button-content-wrapper\">\n\t\t\t\t\t\t\t\t\t<span class=\"elementor-button-text\">Entre em contato<\/span>\n\t\t\t\t\t<\/span>\n\t\t\t\t\t<\/a>\n\t\t\t\t\t\t\t\t<\/div>\n\t\t\t\t<\/div>\n\t\t<div class=\"elementor-element elementor-element-9cb690f e-con-full e-flex e-con e-child\" data-id=\"9cb690f\" data-element_type=\"container\" data-e-type=\"container\">\n\t\t\t\t<\/div>\n\t\t\t\t\t<\/div>\n\t\t\t\t<\/div>\n\t\t<div class=\"elementor-element elementor-element-dbdcfc7 e-flex e-con-boxed elementor-invisible e-con e-parent\" data-id=\"dbdcfc7\" data-element_type=\"container\" data-e-type=\"container\" data-settings=\"{&quot;background_background&quot;:&quot;classic&quot;,&quot;animation&quot;:&quot;fadeInUp&quot;}\">\n\t\t\t\t\t<div class=\"e-con-inner\">\n\t\t<div class=\"elementor-element elementor-element-bdc6a54 e-con-full e-flex e-con e-child\" data-id=\"bdc6a54\" data-element_type=\"container\" data-e-type=\"container\" data-settings=\"{&quot;background_background&quot;:&quot;classic&quot;}\">\n\t\t\t\t<div class=\"elementor-element elementor-element-db820be elementor-widget elementor-widget-heading\" data-id=\"db820be\" data-element_type=\"widget\" data-e-type=\"widget\" data-widget_type=\"heading.default\">\n\t\t\t\t\t<h2 class=\"elementor-heading-title elementor-size-default\">ALIAN\u00c7A K<\/h2>\t\t\t\t<\/div>\n\t\t\t\t<div class=\"elementor-element elementor-element-e02606e elementor-widget elementor-widget-heading\" data-id=\"e02606e\" data-element_type=\"widget\" data-e-type=\"widget\" data-widget_type=\"heading.default\">\n\t\t\t\t\t<h4 class=\"elementor-heading-title elementor-size-default\">ENGENHARIA<\/h4>\t\t\t\t<\/div>\n\t\t\t\t<div class=\"elementor-element elementor-element-ed27f0e elementor-widget-divider--view-line elementor-widget elementor-widget-divider\" data-id=\"ed27f0e\" data-element_type=\"widget\" data-e-type=\"widget\" data-widget_type=\"divider.default\">\n\t\t\t\t\t\t\t<div class=\"elementor-divider\">\n\t\t\t<span class=\"elementor-divider-separator\">\n\t\t\t\t\t\t<\/span>\n\t\t<\/div>\n\t\t\t\t\t\t<\/div>\n\t\t\t\t<div class=\"elementor-element elementor-element-8cce1c6 elementor-widget__width-initial elementor-widget elementor-widget-text-editor\" data-id=\"8cce1c6\" data-element_type=\"widget\" data-e-type=\"widget\" data-widget_type=\"text-editor.default\">\n\t\t\t\t\t\t\t\t\t<p>Projetamos com t\u00e9cnica, lideramos com prop\u00f3sito e constru\u00edmos com excel\u00eancia.\u00a0<\/p>\t\t\t\t\t\t\t\t<\/div>\n\t\t\t\t<\/div>\n\t\t<div class=\"elementor-element elementor-element-6ed38f1 e-con-full e-flex e-con e-child\" data-id=\"6ed38f1\" data-element_type=\"container\" data-e-type=\"container\">\n\t\t\t\t<div class=\"elementor-element elementor-element-412d6a5 elementor-widget elementor-widget-image\" data-id=\"412d6a5\" data-element_type=\"widget\" data-e-type=\"widget\" data-widget_type=\"image.default\">\n\t\t\t\t\t\t\t\t\t\t\t\t\t\t\t<img fetchpriority=\"high\" decoding=\"async\" width=\"1476\" height=\"1105\" src=\"https:\/\/aliancakengenharia.com\/wp-content\/uploads\/2026\/03\/TESTE-1116-1-scaled-e1772375950519.jpg\" class=\"attachment-full size-full wp-image-47\" alt=\"\" srcset=\"https:\/\/aliancakengenharia.com\/wp-content\/uploads\/2026\/03\/TESTE-1116-1-scaled-e1772375950519.jpg 1476w, https:\/\/aliancakengenharia.com\/wp-content\/uploads\/2026\/03\/TESTE-1116-1-scaled-e1772375950519-300x225.jpg 300w, https:\/\/aliancakengenharia.com\/wp-content\/uploads\/2026\/03\/TESTE-1116-1-scaled-e1772375950519-1024x767.jpg 1024w, https:\/\/aliancakengenharia.com\/wp-content\/uploads\/2026\/03\/TESTE-1116-1-scaled-e1772375950519-768x575.jpg 768w\" sizes=\"(max-width: 1476px) 100vw, 1476px\" \/>\t\t\t\t\t\t\t\t\t\t\t\t\t\t\t<\/div>\n\t\t\t\t<\/div>\n\t\t\t\t\t<\/div>\n\t\t\t\t<\/div>\n\t\t<div class=\"elementor-element elementor-element-d668102 e-flex e-con-boxed elementor-invisible e-con e-parent\" data-id=\"d668102\" data-element_type=\"container\" data-e-type=\"container\" data-settings=\"{&quot;animation&quot;:&quot;fadeInUp&quot;}\">\n\t\t\t\t\t<div class=\"e-con-inner\">\n\t\t<div class=\"elementor-element elementor-element-27fc277 e-con-full e-flex e-con e-child\" data-id=\"27fc277\" data-element_type=\"container\" data-e-type=\"container\">\n\t\t\t\t<div class=\"elementor-element elementor-element-5bd69c5 elementor-widget elementor-widget-heading\" data-id=\"5bd69c5\" data-element_type=\"widget\" data-e-type=\"widget\" data-widget_type=\"heading.default\">\n\t\t\t\t\t<h1 class=\"elementor-heading-title elementor-size-default\">O que fazemos com excel\u00eancia!<\/h1>\t\t\t\t<\/div>\n\t\t\t\t<div class=\"elementor-element elementor-element-56686bb elementor-widget-divider--view-line elementor-widget elementor-widget-divider\" data-id=\"56686bb\" data-element_type=\"widget\" data-e-type=\"widget\" data-widget_type=\"divider.default\">\n\t\t\t\t\t\t\t<div class=\"elementor-divider\">\n\t\t\t<span class=\"elementor-divider-separator\">\n\t\t\t\t\t\t<\/span>\n\t\t<\/div>\n\t\t\t\t\t\t<\/div>\n\t\t\t\t<\/div>\n\t\t\t\t\t<\/div>\n\t\t\t\t<\/div>\n\t\t<div class=\"elementor-element elementor-element-af1ead9 e-flex e-con-boxed elementor-invisible e-con e-parent\" data-id=\"af1ead9\" data-element_type=\"container\" data-e-type=\"container\" data-settings=\"{&quot;animation&quot;:&quot;fadeInUp&quot;}\">\n\t\t\t\t\t<div class=\"e-con-inner\">\n\t\t<div class=\"elementor-element elementor-element-4a2cf41 e-con-full e-flex e-con e-child\" data-id=\"4a2cf41\" data-element_type=\"container\" data-e-type=\"container\">\n\t\t\t\t<div class=\"elementor-element elementor-element-0e0dfeb elementor-widget elementor-widget-image\" data-id=\"0e0dfeb\" data-element_type=\"widget\" data-e-type=\"widget\" data-widget_type=\"image.default\">\n\t\t\t\t\t\t\t\t\t\t\t\t\t\t\t<img decoding=\"async\" width=\"768\" height=\"648\" src=\"https:\/\/aliancakengenharia.com\/wp-content\/uploads\/2026\/03\/Condominio-Comercial-Hercules-\u2013-Florianopolis_SC.jpg\" class=\"attachment-medium_large size-medium_large wp-image-258\" alt=\"\" \/>\t\t\t\t\t\t\t\t\t\t\t\t\t\t\t<\/div>\n\t\t\t\t<div class=\"elementor-element elementor-element-762dbbb elementor-widget-divider--view-line elementor-widget elementor-widget-divider\" data-id=\"762dbbb\" data-element_type=\"widget\" data-e-type=\"widget\" data-widget_type=\"divider.default\">\n\t\t\t\t\t\t\t<div class=\"elementor-divider\">\n\t\t\t<span class=\"elementor-divider-separator\">\n\t\t\t\t\t\t<\/span>\n\t\t<\/div>\n\t\t\t\t\t\t<\/div>\n\t\t\t\t<div class=\"elementor-element elementor-element-ae9051a elementor-widget elementor-widget-heading\" data-id=\"ae9051a\" data-element_type=\"widget\" data-e-type=\"widget\" data-widget_type=\"heading.default\">\n\t\t\t\t\t<h3 class=\"elementor-heading-title elementor-size-default\"><a href=\"https:\/\/lavenderblush-tarsier-111502.hostingersite.com\/index.php\/nossos-clientes\/\">Reforma Predial e Fiscaliza\u00e7\u00e3o<\/a><\/h3>\t\t\t\t<\/div>\n\t\t\t\t<div class=\"elementor-element elementor-element-a54b2ad elementor-widget elementor-widget-text-editor\" data-id=\"a54b2ad\" data-element_type=\"widget\" data-e-type=\"widget\" data-widget_type=\"text-editor.default\">\n\t\t\t\t\t\t\t\t\t<p>A obra consiste na recupera\u00e7\u00e3o e revitaliza\u00e7\u00e3o do pr\u00e9dio, incluindo servi\u00e7os de manuten\u00e7\u00e3o, impermeabiliza\u00e7\u00e3o e corre\u00e7\u00f5es estruturais. Todos os trabalhos contem acompanhamento t\u00e9cnico, visando seguran\u00e7a e valorizac\u00e3o do im\u00f3vel.<\/p>\t\t\t\t\t\t\t\t<\/div>\n\t\t\t\t<\/div>\n\t\t<div class=\"elementor-element elementor-element-57e7839 e-con-full e-flex e-con e-child\" data-id=\"57e7839\" data-element_type=\"container\" data-e-type=\"container\">\n\t\t\t\t<div class=\"elementor-element elementor-element-065d492 elementor-widget elementor-widget-image\" data-id=\"065d492\" data-element_type=\"widget\" data-e-type=\"widget\" data-widget_type=\"image.default\">\n\t\t\t\t\t\t\t\t\t\t\t\t\t\t\t<img decoding=\"async\" width=\"768\" height=\"648\" src=\"https:\/\/aliancakengenharia.com\/wp-content\/uploads\/2026\/03\/Condominio-Edificio-Place-du-Soleil-\u2013-Sao-Jose-_SC.jpg\" class=\"attachment-medium_large size-medium_large wp-image-246\" alt=\"\" \/>\t\t\t\t\t\t\t\t\t\t\t\t\t\t\t<\/div>\n\t\t\t\t<div class=\"elementor-element elementor-element-fcd1d67 elementor-widget-divider--view-line elementor-widget elementor-widget-divider\" data-id=\"fcd1d67\" data-element_type=\"widget\" data-e-type=\"widget\" data-widget_type=\"divider.default\">\n\t\t\t\t\t\t\t<div class=\"elementor-divider\">\n\t\t\t<span class=\"elementor-divider-separator\">\n\t\t\t\t\t\t<\/span>\n\t\t<\/div>\n\t\t\t\t\t\t<\/div>\n\t\t\t\t<div class=\"elementor-element elementor-element-9d702d0 elementor-widget elementor-widget-heading\" data-id=\"9d702d0\" data-element_type=\"widget\" data-e-type=\"widget\" data-widget_type=\"heading.default\">\n\t\t\t\t\t<h3 class=\"elementor-heading-title elementor-size-default\"><a href=\"https:\/\/lavenderblush-tarsier-111502.hostingersite.com\/index.php\/nossos-clientes\/\">Preven\u00e7\u00e3o de inc\u00eancio<\/a><\/h3>\t\t\t\t<\/div>\n\t\t\t\t<div class=\"elementor-element elementor-element-b187195 elementor-widget elementor-widget-text-editor\" data-id=\"b187195\" data-element_type=\"widget\" data-e-type=\"widget\" data-widget_type=\"text-editor.default\">\n\t\t\t\t\t\t\t\t\t<p>O PPCI (Plano de Preven\u00e7\u00e3o e Prote\u00e7\u00e3o Contra\u00a0<span style=\"font-size: 1rem;\">Inc\u00eandio) \u00e9 o conjunto de medidas t\u00e9cnicas que define medidas de preven\u00e7\u00e3o e prote\u00e7\u00e3o contra inc\u00eandio, visando a seguran\u00e7a das pessoas e do patrim\u00f4nio, elaborado conforme as normas vigentes.<\/span><\/p>\t\t\t\t\t\t\t\t<\/div>\n\t\t\t\t<\/div>\n\t\t<div class=\"elementor-element elementor-element-b74a354 e-con-full e-flex e-con e-child\" data-id=\"b74a354\" data-element_type=\"container\" data-e-type=\"container\">\n\t\t\t\t<div class=\"elementor-element elementor-element-63bcdc7 elementor-widget elementor-widget-image\" data-id=\"63bcdc7\" data-element_type=\"widget\" data-e-type=\"widget\" data-widget_type=\"image.default\">\n\t\t\t\t\t\t\t\t\t\t\t\t\t\t\t<img loading=\"lazy\" decoding=\"async\" width=\"768\" height=\"648\" src=\"https:\/\/aliancakengenharia.com\/wp-content\/uploads\/2026\/03\/Condominio-Edificio-Dona-Olivia-Florianopolis_SC.jpg\" class=\"attachment-medium_large size-medium_large wp-image-259\" alt=\"\" \/>\t\t\t\t\t\t\t\t\t\t\t\t\t\t\t<\/div>\n\t\t\t\t<div class=\"elementor-element elementor-element-d0f3624 elementor-widget-divider--view-line elementor-widget elementor-widget-divider\" data-id=\"d0f3624\" data-element_type=\"widget\" data-e-type=\"widget\" data-widget_type=\"divider.default\">\n\t\t\t\t\t\t\t<div class=\"elementor-divider\">\n\t\t\t<span class=\"elementor-divider-separator\">\n\t\t\t\t\t\t<\/span>\n\t\t<\/div>\n\t\t\t\t\t\t<\/div>\n\t\t\t\t<div class=\"elementor-element elementor-element-313ad57 elementor-widget elementor-widget-heading\" data-id=\"313ad57\" data-element_type=\"widget\" data-e-type=\"widget\" data-widget_type=\"heading.default\">\n\t\t\t\t\t<h3 class=\"elementor-heading-title elementor-size-default\"><a href=\"https:\/\/lavenderblush-tarsier-111502.hostingersite.com\/index.php\/nossos-clientes\/\">Laudos<\/a><\/h3>\t\t\t\t<\/div>\n\t\t\t\t<div class=\"elementor-element elementor-element-5d2d9d5 elementor-widget elementor-widget-text-editor\" data-id=\"5d2d9d5\" data-element_type=\"widget\" data-e-type=\"widget\" data-widget_type=\"text-editor.default\">\n\t\t\t\t\t\t\t\t\t<p>Realizamos a elabora\u00e7\u00e3o de laudos t\u00e9cnicos, avaliando as condi\u00e7\u00f5es da edifica\u00e7\u00e3o, identificando problemas existentes e indicando solu\u00e7\u00f5es adequadas, garantindo seguran\u00e7a, eficiencia e total conformidade com as nromas t\u00e9cnicas vigentes,<\/p>\t\t\t\t\t\t\t\t<\/div>\n\t\t\t\t<\/div>\n\t\t\t\t\t<\/div>\n\t\t\t\t<\/div>\n\t\t<div class=\"elementor-element elementor-element-a00657b e-flex e-con-boxed elementor-invisible e-con e-parent\" data-id=\"a00657b\" data-element_type=\"container\" data-e-type=\"container\" data-settings=\"{&quot;animation&quot;:&quot;fadeInUp&quot;}\">\n\t\t\t\t\t<div class=\"e-con-inner\">\n\t\t<div class=\"elementor-element elementor-element-fe9051c e-con-full e-flex e-con e-child\" data-id=\"fe9051c\" data-element_type=\"container\" data-e-type=\"container\">\n\t\t\t\t<div class=\"elementor-element elementor-element-625697f elementor-widget elementor-widget-image\" data-id=\"625697f\" data-element_type=\"widget\" data-e-type=\"widget\" data-widget_type=\"image.default\">\n\t\t\t\t\t\t\t\t\t\t\t\t\t\t\t<img decoding=\"async\" width=\"768\" height=\"648\" src=\"https:\/\/aliancakengenharia.com\/wp-content\/uploads\/2026\/03\/Condominio-Edificio-Place-du-Soleil-\u2013-Sao-Jose-_SC.jpg\" class=\"attachment-medium_large size-medium_large wp-image-246\" alt=\"\" \/>\t\t\t\t\t\t\t\t\t\t\t\t\t\t\t<\/div>\n\t\t\t\t<div class=\"elementor-element elementor-element-2e65d15 elementor-widget-divider--view-line elementor-widget elementor-widget-divider\" data-id=\"2e65d15\" data-element_type=\"widget\" data-e-type=\"widget\" data-widget_type=\"divider.default\">\n\t\t\t\t\t\t\t<div class=\"elementor-divider\">\n\t\t\t<span class=\"elementor-divider-separator\">\n\t\t\t\t\t\t<\/span>\n\t\t<\/div>\n\t\t\t\t\t\t<\/div>\n\t\t\t\t<div class=\"elementor-element elementor-element-c342100 elementor-widget elementor-widget-heading\" data-id=\"c342100\" data-element_type=\"widget\" data-e-type=\"widget\" data-widget_type=\"heading.default\">\n\t\t\t\t\t<h3 class=\"elementor-heading-title elementor-size-default\"><a href=\"https:\/\/lavenderblush-tarsier-111502.hostingersite.com\/index.php\/nossos-clientes\/\">Constru\u00e7\u00e3o<\/a><\/h3>\t\t\t\t<\/div>\n\t\t\t\t<div class=\"elementor-element elementor-element-78e4a74 elementor-widget elementor-widget-text-editor\" data-id=\"78e4a74\" data-element_type=\"widget\" data-e-type=\"widget\" data-widget_type=\"text-editor.default\">\n\t\t\t\t\t\t\t\t\t<p>Lorem ipsum dolor sit amet, consectetur adipiscing elit, sed do eiusmod tempor incididunt ut labore et dolore magna aliqua. Ut enim ad minim veniam, quis nostrud exercitation ullamco laboris nisi ut aliquip ex ea commodo consequat.\u00a0\u00a0<\/p>\t\t\t\t\t\t\t\t<\/div>\n\t\t\t\t<\/div>\n\t\t<div class=\"elementor-element elementor-element-730ed7f e-con-full e-flex e-con e-child\" data-id=\"730ed7f\" data-element_type=\"container\" data-e-type=\"container\">\n\t\t\t\t<div class=\"elementor-element elementor-element-b0325d6 elementor-widget elementor-widget-image\" data-id=\"b0325d6\" data-element_type=\"widget\" data-e-type=\"widget\" data-widget_type=\"image.default\">\n\t\t\t\t\t\t\t\t\t\t\t\t\t\t\t<img loading=\"lazy\" decoding=\"async\" width=\"768\" height=\"648\" src=\"https:\/\/aliancakengenharia.com\/wp-content\/uploads\/2026\/03\/Condominio-Edificio-Dona-Olivia-Florianopolis_SC.jpg\" class=\"attachment-medium_large size-medium_large wp-image-259\" alt=\"\" \/>\t\t\t\t\t\t\t\t\t\t\t\t\t\t\t<\/div>\n\t\t\t\t<div class=\"elementor-element elementor-element-d6bd834 elementor-widget-divider--view-line elementor-widget elementor-widget-divider\" data-id=\"d6bd834\" data-element_type=\"widget\" data-e-type=\"widget\" data-widget_type=\"divider.default\">\n\t\t\t\t\t\t\t<div class=\"elementor-divider\">\n\t\t\t<span class=\"elementor-divider-separator\">\n\t\t\t\t\t\t<\/span>\n\t\t<\/div>\n\t\t\t\t\t\t<\/div>\n\t\t\t\t<div class=\"elementor-element elementor-element-10d699d elementor-widget elementor-widget-heading\" data-id=\"10d699d\" data-element_type=\"widget\" data-e-type=\"widget\" data-widget_type=\"heading.default\">\n\t\t\t\t\t<h3 class=\"elementor-heading-title elementor-size-default\"><a href=\"https:\/\/lavenderblush-tarsier-111502.hostingersite.com\/index.php\/nossos-clientes\/\">Projetos<\/a><\/h3>\t\t\t\t<\/div>\n\t\t\t\t<div class=\"elementor-element elementor-element-3fb5703 elementor-widget elementor-widget-text-editor\" data-id=\"3fb5703\" data-element_type=\"widget\" data-e-type=\"widget\" data-widget_type=\"text-editor.default\">\n\t\t\t\t\t\t\t\t\t<p>Lorem ipsum dolor sit amet, consectetur adipiscing elit, sed do eiusmod tempor incididunt ut labore et dolore magna aliqua. Ut enim ad minim veniam, quis nostrud exercitation ullamco laboris nisi ut aliquip ex ea commodo consequat.\u00a0\u00a0<\/p>\t\t\t\t\t\t\t\t<\/div>\n\t\t\t\t<\/div>\n\t\t\t\t\t<\/div>\n\t\t\t\t<\/div>\n\t\t<div class=\"elementor-element elementor-element-013b950 animated-slow e-flex e-con-boxed elementor-invisible e-con e-parent\" data-id=\"013b950\" data-element_type=\"container\" data-e-type=\"container\" data-settings=\"{&quot;background_background&quot;:&quot;classic&quot;,&quot;animation&quot;:&quot;fadeInUp&quot;}\">\n\t\t\t\t\t<div class=\"e-con-inner\">\n\t\t<div class=\"elementor-element elementor-element-ec7755a e-con-full e-flex e-con e-child\" data-id=\"ec7755a\" data-element_type=\"container\" data-e-type=\"container\">\n\t\t\t\t<div class=\"elementor-element elementor-element-80fe702 elementor-widget elementor-widget-image\" data-id=\"80fe702\" data-element_type=\"widget\" data-e-type=\"widget\" data-widget_type=\"image.default\">\n\t\t\t\t\t\t\t\t\t\t\t\t\t\t\t<img loading=\"lazy\" decoding=\"async\" width=\"800\" height=\"948\" src=\"https:\/\/aliancakengenharia.com\/wp-content\/uploads\/2026\/03\/IMG_3983-scaled-e1772377715853-864x1024.jpg\" class=\"attachment-large size-large wp-image-58\" alt=\"\" srcset=\"https:\/\/aliancakengenharia.com\/wp-content\/uploads\/2026\/03\/IMG_3983-scaled-e1772377715853-864x1024.jpg 864w, https:\/\/aliancakengenharia.com\/wp-content\/uploads\/2026\/03\/IMG_3983-scaled-e1772377715853-253x300.jpg 253w, https:\/\/aliancakengenharia.com\/wp-content\/uploads\/2026\/03\/IMG_3983-scaled-e1772377715853-768x910.jpg 768w, https:\/\/aliancakengenharia.com\/wp-content\/uploads\/2026\/03\/IMG_3983-scaled-e1772377715853-1297x1536.jpg 1297w, https:\/\/aliancakengenharia.com\/wp-content\/uploads\/2026\/03\/IMG_3983-scaled-e1772377715853.jpg 1408w\" sizes=\"(max-width: 800px) 100vw, 800px\" \/>\t\t\t\t\t\t\t\t\t\t\t\t\t\t\t<\/div>\n\t\t\t\t<\/div>\n\t\t<div class=\"elementor-element elementor-element-9e164d6 e-con-full e-flex e-con e-child\" data-id=\"9e164d6\" data-element_type=\"container\" data-e-type=\"container\">\n\t\t\t\t<div class=\"elementor-element elementor-element-904afe4 elementor-widget elementor-widget-heading\" data-id=\"904afe4\" data-element_type=\"widget\" data-e-type=\"widget\" data-widget_type=\"heading.default\">\n\t\t\t\t\t<h1 class=\"elementor-heading-title elementor-size-default\">Diferenciais<\/h1>\t\t\t\t<\/div>\n\t\t\t\t<div class=\"elementor-element elementor-element-2346879 elementor-widget-divider--view-line elementor-widget elementor-widget-divider\" data-id=\"2346879\" data-element_type=\"widget\" data-e-type=\"widget\" data-widget_type=\"divider.default\">\n\t\t\t\t\t\t\t<div class=\"elementor-divider\">\n\t\t\t<span class=\"elementor-divider-separator\">\n\t\t\t\t\t\t<\/span>\n\t\t<\/div>\n\t\t\t\t\t\t<\/div>\n\t\t\t\t<div class=\"elementor-element elementor-element-10e7c26 elementor-widget__width-initial elementor-widget-mobile__width-initial elementor-widget elementor-widget-text-editor\" data-id=\"10e7c26\" data-element_type=\"widget\" data-e-type=\"widget\" data-widget_type=\"text-editor.default\">\n\t\t\t\t\t\t\t\t\t<p>Na Alian\u00e7a K Engenharia, unimos seguran\u00e7a do trabalho e excel\u00eancia t\u00e9cnica em todos os projetos, garantindo obras seguras, solu\u00e7\u00f5es eficientes e resultados de qualidade que valorizam cada empreendimento.<\/p>\t\t\t\t\t\t\t\t<\/div>\n\t\t\t\t<\/div>\n\t\t\t\t\t<\/div>\n\t\t\t\t<\/div>\n\t\t\t\t<\/div>\n\t\t","protected":false},"excerpt":{"rendered":"<p>Reforma predial al\u00e9m da est\u00e9tica A Alian\u00e7a K Engenharia integra projetos eficientes e execu\u00e7\u00e3o especializada. Unimos t\u00e9cnica, viabilidade e seguran\u00e7a para garantir durabilidade em cada obra Entre em contato ALIAN\u00c7A K ENGENHARIA Projetamos com t\u00e9cnica, lideramos com prop\u00f3sito e constru\u00edmos com excel\u00eancia.\u00a0 O que fazemos com excel\u00eancia! Reforma Predial e Fiscaliza\u00e7\u00e3o A obra consiste na [&hellip;]<\/p>\n","protected":false},"author":1,"featured_media":0,"parent":0,"menu_order":0,"comment_status":"closed","ping_status":"closed","template":"elementor_header_footer","meta":{"footnotes":""},"class_list":["post-10","page","type-page","status-publish","hentry"],"_hostinger_reach_plugin_has_subscription_block":false,"_hostinger_reach_plugin_is_elementor":false,"_links":{"self":[{"href":"https:\/\/aliancakengenharia.com\/index.php\/wp-json\/wp\/v2\/pages\/10","targetHints":{"allow":["GET"]}}],"collection":[{"href":"https:\/\/aliancakengenharia.com\/index.php\/wp-json\/wp\/v2\/pages"}],"about":[{"href":"https:\/\/aliancakengenharia.com\/index.php\/wp-json\/wp\/v2\/types\/page"}],"author":[{"embeddable":true,"href":"https:\/\/aliancakengenharia.com\/index.php\/wp-json\/wp\/v2\/users\/1"}],"replies":[{"embeddable":true,"href":"https:\/\/aliancakengenharia.com\/index.php\/wp-json\/wp\/v2\/comments?post=10"}],"version-history":[{"count":116,"href":"https:\/\/aliancakengenharia.com\/index.php\/wp-json\/wp\/v2\/pages\/10\/revisions"}],"predecessor-version":[{"id":1071,"href":"https:\/\/aliancakengenharia.com\/index.php\/wp-json\/wp\/v2\/pages\/10\/revisions\/1071"}],"wp:attachment":[{"href":"https:\/\/aliancakengenharia.com\/index.php\/wp-json\/wp\/v2\/media?parent=10"}],"curies":[{"name":"wp","href":"https:\/\/api.w.org\/{rel}","templated":true}]}}