{"id":15,"date":"2026-02-28T23:23:28","date_gmt":"2026-03-01T02:23:28","guid":{"rendered":"https:\/\/lavenderblush-tarsier-111502.hostingersite.com\/?page_id=15"},"modified":"2026-04-26T18:24:52","modified_gmt":"2026-04-26T21:24:52","slug":"sobre","status":"publish","type":"page","link":"https:\/\/aliancakengenharia.com\/index.php\/sobre\/","title":{"rendered":"Sobre"},"content":{"rendered":"\t\t<div data-elementor-type=\"wp-page\" data-elementor-id=\"15\" class=\"elementor elementor-15\">\n\t\t\t\t<div class=\"elementor-element elementor-element-9c0c23a e-flex e-con-boxed e-con e-parent\" data-id=\"9c0c23a\" data-element_type=\"container\" data-e-type=\"container\" data-settings=\"{&quot;background_background&quot;:&quot;classic&quot;}\">\n\t\t\t\t\t<div class=\"e-con-inner\">\n\t\t<div class=\"elementor-element elementor-element-5157551 e-con-full e-flex e-con e-child\" data-id=\"5157551\" data-element_type=\"container\" data-e-type=\"container\">\n\t\t\t\t<div class=\"elementor-element elementor-element-ba9f5bc elementor-invisible elementor-widget elementor-widget-heading\" data-id=\"ba9f5bc\" data-element_type=\"widget\" data-e-type=\"widget\" data-settings=\"{&quot;_animation&quot;:&quot;slideInUp&quot;}\" data-widget_type=\"heading.default\">\n\t\t\t\t\t<h1 class=\"elementor-heading-title elementor-size-default\">Sobre n\u00f3s<\/h1>\t\t\t\t<\/div>\n\t\t\t\t<\/div>\n\t\t\t\t\t<\/div>\n\t\t\t\t<\/div>\n\t\t<div class=\"elementor-element elementor-element-6b67659 e-flex e-con-boxed e-con e-parent\" data-id=\"6b67659\" data-element_type=\"container\" data-e-type=\"container\">\n\t\t\t\t\t<div class=\"e-con-inner\">\n\t\t<div class=\"elementor-element elementor-element-b4b13c0 e-con-full e-flex elementor-invisible e-con e-child\" data-id=\"b4b13c0\" data-element_type=\"container\" data-e-type=\"container\" data-settings=\"{&quot;background_background&quot;:&quot;classic&quot;,&quot;animation&quot;:&quot;fadeInUp&quot;}\">\n\t\t\t\t<div class=\"elementor-element elementor-element-5dfecfe elementor-widget elementor-widget-heading\" data-id=\"5dfecfe\" data-element_type=\"widget\" data-e-type=\"widget\" data-widget_type=\"heading.default\">\n\t\t\t\t\t<h1 class=\"elementor-heading-title elementor-size-default\">Quem somos<\/h1>\t\t\t\t<\/div>\n\t\t\t\t<div class=\"elementor-element elementor-element-593f12a elementor-widget elementor-widget-text-editor\" data-id=\"593f12a\" data-element_type=\"widget\" data-e-type=\"widget\" data-widget_type=\"text-editor.default\">\n\t\t\t\t\t\t\t\t\t<p>A Alian\u00e7a K Engenharia desenvolve e executa projetos completos com foco em efici\u00eancia t\u00e9cnica, viabilidade econ\u00f4mica e compatibiliza\u00e7\u00e3o entre disciplinas. Atuamos em projetos arquitet\u00f4nicos, estruturais, el\u00e9tricos, hidrossanit\u00e1rios, PPCI e regulariza\u00e7\u00f5es, al\u00e9m da execu\u00e7\u00e3o de obras civis residenciais, comerciais e industriais. Contamos com equipe t\u00e9cnica especializada e acompanhamento direto das engenheiras respons\u00e1veis. Tamb\u00e9m somos refer\u00eancia em Engenharia Diagn\u00f3stica, elaborando laudos t\u00e9cnicos que identificam e solucionam problemas em edifica\u00e7\u00f5es, garantindo seguran\u00e7a, qualidade e durabilidade \u00e0s constru\u00e7\u00f5es.<\/p>\t\t\t\t\t\t\t\t<\/div>\n\t\t\t\t<\/div>\n\t\t<div class=\"elementor-element elementor-element-952c5f0 e-con-full e-flex e-con e-child\" data-id=\"952c5f0\" data-element_type=\"container\" data-e-type=\"container\">\n\t\t\t\t<div class=\"elementor-element elementor-element-1870d06 elementor-widget elementor-widget-image\" data-id=\"1870d06\" data-element_type=\"widget\" data-e-type=\"widget\" data-widget_type=\"image.default\">\n\t\t\t\t\t\t\t\t\t\t\t\t\t\t\t<img fetchpriority=\"high\" decoding=\"async\" width=\"768\" height=\"693\" src=\"https:\/\/aliancakengenharia.com\/wp-content\/uploads\/2026\/03\/WhatsApp-Image-2026-03-13-at-09.55.58-e1773923102166-768x693.jpeg\" class=\"attachment-medium_large size-medium_large wp-image-193\" alt=\"\" srcset=\"https:\/\/aliancakengenharia.com\/wp-content\/uploads\/2026\/03\/WhatsApp-Image-2026-03-13-at-09.55.58-e1773923102166-768x693.jpeg 768w, https:\/\/aliancakengenharia.com\/wp-content\/uploads\/2026\/03\/WhatsApp-Image-2026-03-13-at-09.55.58-e1773923102166-300x271.jpeg 300w, https:\/\/aliancakengenharia.com\/wp-content\/uploads\/2026\/03\/WhatsApp-Image-2026-03-13-at-09.55.58-e1773923102166.jpeg 960w\" sizes=\"(max-width: 768px) 100vw, 768px\" \/>\t\t\t\t\t\t\t\t\t\t\t\t\t\t\t<\/div>\n\t\t\t\t<\/div>\n\t\t\t\t\t<\/div>\n\t\t\t\t<\/div>\n\t\t\t\t<\/div>\n\t\t","protected":false},"excerpt":{"rendered":"<p>Sobre n\u00f3s Quem somos A Alian\u00e7a K Engenharia desenvolve e executa projetos completos com foco em efici\u00eancia t\u00e9cnica, viabilidade econ\u00f4mica e compatibiliza\u00e7\u00e3o entre disciplinas. Atuamos em projetos arquitet\u00f4nicos, estruturais, el\u00e9tricos, hidrossanit\u00e1rios, PPCI e regulariza\u00e7\u00f5es, al\u00e9m da execu\u00e7\u00e3o de obras civis residenciais, comerciais e industriais. Contamos com equipe t\u00e9cnica especializada e acompanhamento direto das engenheiras respons\u00e1veis. [&hellip;]<\/p>\n","protected":false},"author":1,"featured_media":0,"parent":0,"menu_order":0,"comment_status":"closed","ping_status":"closed","template":"elementor_header_footer","meta":{"footnotes":""},"class_list":["post-15","page","type-page","status-publish","hentry"],"_hostinger_reach_plugin_has_subscription_block":false,"_hostinger_reach_plugin_is_elementor":false,"_links":{"self":[{"href":"https:\/\/aliancakengenharia.com\/index.php\/wp-json\/wp\/v2\/pages\/15","targetHints":{"allow":["GET"]}}],"collection":[{"href":"https:\/\/aliancakengenharia.com\/index.php\/wp-json\/wp\/v2\/pages"}],"about":[{"href":"https:\/\/aliancakengenharia.com\/index.php\/wp-json\/wp\/v2\/types\/page"}],"author":[{"embeddable":true,"href":"https:\/\/aliancakengenharia.com\/index.php\/wp-json\/wp\/v2\/users\/1"}],"replies":[{"embeddable":true,"href":"https:\/\/aliancakengenharia.com\/index.php\/wp-json\/wp\/v2\/comments?post=15"}],"version-history":[{"count":49,"href":"https:\/\/aliancakengenharia.com\/index.php\/wp-json\/wp\/v2\/pages\/15\/revisions"}],"predecessor-version":[{"id":975,"href":"https:\/\/aliancakengenharia.com\/index.php\/wp-json\/wp\/v2\/pages\/15\/revisions\/975"}],"wp:attachment":[{"href":"https:\/\/aliancakengenharia.com\/index.php\/wp-json\/wp\/v2\/media?parent=15"}],"curies":[{"name":"wp","href":"https:\/\/api.w.org\/{rel}","templated":true}]}}